{"id":1931,"date":"2022-09-23T17:28:13","date_gmt":"2022-09-23T15:28:13","guid":{"rendered":"https:\/\/www.montpellier2028.eu\/the-tendance-floue-residency\/"},"modified":"2023-03-22T14:19:18","modified_gmt":"2023-03-22T13:19:18","slug":"the-tendance-floue-residency","status":"publish","type":"page","link":"https:\/\/www.montpellier2028.eu\/en\/the-tendance-floue-residency\/","title":{"rendered":"The Tendance Floue residency"},"content":{"rendered":"\n<p class=\"is-style-intro\">The Tendance Floue photography collective has mapped out the Montpellier 2028 region in its own unique way. Explore their stories.<\/p>\n<div id=\"audiovideo_grid_block_632dd0727e148\" class=\"audiovideo-grid-block\">\n            <ul class=\"audiovideo-grid\">\n                    <li>\n                \n<article id=\"post-2027\" class=\"audiovideo-excerpt audiovideo-type-audio post-2027 audiovideo type-audiovideo status-publish has-post-thumbnail hentry avcategory-tendance-floue\">\n\n            \n\t\t\t<a class=\"post-thumbnail\" href=\"https:\/\/www.montpellier2028.eu\/en\/mediatheque\/routes-vertes-by-alain-willaume\/\" aria-hidden=\"true\" tabindex=\"-1\">\n\t\t\t\t<img loading=\"lazy\" decoding=\"async\" width=\"390\" height=\"260\" src=\"https:\/\/www.montpellier2028.eu\/wp-content\/uploads\/2022\/09\/WIA2022044D6010_low-390x260.jpg\" class=\"attachment-av_thumbnail size-av_thumbnail wp-post-image\" alt=\"Routes Vertes by Alain Willaume\" srcset=\"https:\/\/www.montpellier2028.eu\/wp-content\/uploads\/2022\/09\/WIA2022044D6010_low-390x260.jpg 390w, https:\/\/www.montpellier2028.eu\/wp-content\/uploads\/2022\/09\/WIA2022044D6010_low-300x200.jpg 300w, https:\/\/www.montpellier2028.eu\/wp-content\/uploads\/2022\/09\/WIA2022044D6010_low-1024x683.jpg 1024w, https:\/\/www.montpellier2028.eu\/wp-content\/uploads\/2022\/09\/WIA2022044D6010_low-768x512.jpg 768w, https:\/\/www.montpellier2028.eu\/wp-content\/uploads\/2022\/09\/WIA2022044D6010_low-1536x1024.jpg 1536w, https:\/\/www.montpellier2028.eu\/wp-content\/uploads\/2022\/09\/WIA2022044D6010_low-2048x1365.jpg 2048w, https:\/\/www.montpellier2028.eu\/wp-content\/uploads\/2022\/09\/WIA2022044D6010_low-1360x907.jpg 1360w\" sizes=\"auto, (max-width: 390px) 100vw, 390px\" \/>\t\t\t<\/a>\n\n\t\t\t    \n    <header class=\"entry-header\">\n        <div class=\"resource-type\"><a href=\"https:\/\/www.montpellier2028.eu\/en\/mediatheque\/routes-vertes-by-alain-willaume\/\" rel=\"bookmark\">Audio<\/a><\/div>\n        <h2 class=\"entry-title\"><a href=\"https:\/\/www.montpellier2028.eu\/en\/mediatheque\/routes-vertes-by-alain-willaume\/\" rel=\"bookmark\">Routes Vertes by Alain Willaume<\/a><\/h2>\n        <div class=\"subtitle\"><a href=\"https:\/\/www.montpellier2028.eu\/en\/mediatheque\/routes-vertes-by-alain-willaume\/\" rel=\"bookmark\">Dans le cadre de la r\u00e9sidence du collectif Tendance Floue<\/a><\/div>\n    <\/header><!-- .entry-header -->\n\n    <div class=\"entry-excerpt\">\n       <p>Michelin road maps were created following the advent of the motor car. The idea was to encourage motorists to be [&hellip;]<\/p>\n    <\/div><!-- .entry-content -->\n\n<\/article><!-- #post-2027 -->\n            <\/li>\n                    <li>\n                \n<article id=\"post-2028\" class=\"audiovideo-excerpt audiovideo-type-audio post-2028 audiovideo type-audiovideo status-publish has-post-thumbnail hentry avcategory-tendance-floue\">\n\n            \n\t\t\t<a class=\"post-thumbnail\" href=\"https:\/\/www.montpellier2028.eu\/en\/mediatheque\/les-chemins-de-traverse-by-patrick-tourneboeuf\/\" aria-hidden=\"true\" tabindex=\"-1\">\n\t\t\t\t<img loading=\"lazy\" decoding=\"async\" width=\"390\" height=\"260\" src=\"https:\/\/www.montpellier2028.eu\/wp-content\/uploads\/2022\/09\/TOP2022034D01018-390x260.jpg\" class=\"attachment-av_thumbnail size-av_thumbnail wp-post-image\" alt=\"Les Chemins de traverse by Patrick Tourneboeuf\" srcset=\"https:\/\/www.montpellier2028.eu\/wp-content\/uploads\/2022\/09\/TOP2022034D01018-390x260.jpg 390w, https:\/\/www.montpellier2028.eu\/wp-content\/uploads\/2022\/09\/TOP2022034D01018-300x200.jpg 300w, https:\/\/www.montpellier2028.eu\/wp-content\/uploads\/2022\/09\/TOP2022034D01018-1024x683.jpg 1024w, https:\/\/www.montpellier2028.eu\/wp-content\/uploads\/2022\/09\/TOP2022034D01018-768x512.jpg 768w, https:\/\/www.montpellier2028.eu\/wp-content\/uploads\/2022\/09\/TOP2022034D01018-1536x1024.jpg 1536w, https:\/\/www.montpellier2028.eu\/wp-content\/uploads\/2022\/09\/TOP2022034D01018-2048x1366.jpg 2048w, https:\/\/www.montpellier2028.eu\/wp-content\/uploads\/2022\/09\/TOP2022034D01018-1360x907.jpg 1360w\" sizes=\"auto, (max-width: 390px) 100vw, 390px\" \/>\t\t\t<\/a>\n\n\t\t\t    \n    <header class=\"entry-header\">\n        <div class=\"resource-type\"><a href=\"https:\/\/www.montpellier2028.eu\/en\/mediatheque\/les-chemins-de-traverse-by-patrick-tourneboeuf\/\" rel=\"bookmark\">Audio<\/a><\/div>\n        <h2 class=\"entry-title\"><a href=\"https:\/\/www.montpellier2028.eu\/en\/mediatheque\/les-chemins-de-traverse-by-patrick-tourneboeuf\/\" rel=\"bookmark\">Les Chemins de traverse by Patrick Tourneboeuf<\/a><\/h2>\n        <div class=\"subtitle\"><a href=\"https:\/\/www.montpellier2028.eu\/en\/mediatheque\/les-chemins-de-traverse-by-patrick-tourneboeuf\/\" rel=\"bookmark\">Dans le cadre de la r\u00e9sidence du collectif Tendance Floue<\/a><\/div>\n    <\/header><!-- .entry-header -->\n\n    <div class=\"entry-excerpt\">\n       <p>Patrick Tourneboeuf has laid his cards on the table: he has found somewhere he likes and has already promised to [&hellip;]<\/p>\n    <\/div><!-- .entry-content -->\n\n<\/article><!-- #post-2028 -->\n            <\/li>\n                    <li>\n                \n<article id=\"post-2029\" class=\"audiovideo-excerpt audiovideo-type-audio post-2029 audiovideo type-audiovideo status-publish has-post-thumbnail hentry avcategory-tendance-floue\">\n\n            \n\t\t\t<a class=\"post-thumbnail\" href=\"https:\/\/www.montpellier2028.eu\/en\/mediatheque\/allez-au-pic-by-pascal-aimar\/\" aria-hidden=\"true\" tabindex=\"-1\">\n\t\t\t\t<img loading=\"lazy\" decoding=\"async\" width=\"390\" height=\"260\" src=\"https:\/\/www.montpellier2028.eu\/wp-content\/uploads\/2022\/09\/AIP2022002D03691_low-390x260.jpg\" class=\"attachment-av_thumbnail size-av_thumbnail wp-post-image\" alt=\"Allez au Pic ! by Pascal Aimar\" srcset=\"https:\/\/www.montpellier2028.eu\/wp-content\/uploads\/2022\/09\/AIP2022002D03691_low-390x260.jpg 390w, https:\/\/www.montpellier2028.eu\/wp-content\/uploads\/2022\/09\/AIP2022002D03691_low-300x200.jpg 300w\" sizes=\"auto, (max-width: 390px) 100vw, 390px\" \/>\t\t\t<\/a>\n\n\t\t\t    \n    <header class=\"entry-header\">\n        <div class=\"resource-type\"><a href=\"https:\/\/www.montpellier2028.eu\/en\/mediatheque\/allez-au-pic-by-pascal-aimar\/\" rel=\"bookmark\">Audio<\/a><\/div>\n        <h2 class=\"entry-title\"><a href=\"https:\/\/www.montpellier2028.eu\/en\/mediatheque\/allez-au-pic-by-pascal-aimar\/\" rel=\"bookmark\">Allez au Pic ! by Pascal Aimar<\/a><\/h2>\n        <div class=\"subtitle\"><a href=\"https:\/\/www.montpellier2028.eu\/en\/mediatheque\/allez-au-pic-by-pascal-aimar\/\" rel=\"bookmark\">Dans le cadre de la r\u00e9sidence du collectif Tendance Floue<\/a><\/div>\n    <\/header><!-- .entry-header -->\n\n    <div class=\"entry-excerpt\">\n           <\/div><!-- .entry-content -->\n\n<\/article><!-- #post-2029 -->\n            <\/li>\n                    <li>\n                \n<article id=\"post-2031\" class=\"audiovideo-excerpt audiovideo-type-audio post-2031 audiovideo type-audiovideo status-publish has-post-thumbnail hentry avcategory-tendance-floue\">\n\n            \n\t\t\t<a class=\"post-thumbnail\" href=\"https:\/\/www.montpellier2028.eu\/en\/mediatheque\/du-rhone-a-sete-by-yohanne-lamoulere\/\" aria-hidden=\"true\" tabindex=\"-1\">\n\t\t\t\t<img loading=\"lazy\" decoding=\"async\" width=\"390\" height=\"260\" src=\"https:\/\/www.montpellier2028.eu\/wp-content\/uploads\/2022\/09\/LAMY-2685_low-390x260.jpg\" class=\"attachment-av_thumbnail size-av_thumbnail wp-post-image\" alt=\"Du Rh\u00f4ne \u00e0 S\u00e8te by Yohanne Lamoul\u00e8re\" srcset=\"https:\/\/www.montpellier2028.eu\/wp-content\/uploads\/2022\/09\/LAMY-2685_low-390x260.jpg 390w, https:\/\/www.montpellier2028.eu\/wp-content\/uploads\/2022\/09\/LAMY-2685_low-300x200.jpg 300w\" sizes=\"auto, (max-width: 390px) 100vw, 390px\" \/>\t\t\t<\/a>\n\n\t\t\t    \n    <header class=\"entry-header\">\n        <div class=\"resource-type\"><a href=\"https:\/\/www.montpellier2028.eu\/en\/mediatheque\/du-rhone-a-sete-by-yohanne-lamoulere\/\" rel=\"bookmark\">Audio<\/a><\/div>\n        <h2 class=\"entry-title\"><a href=\"https:\/\/www.montpellier2028.eu\/en\/mediatheque\/du-rhone-a-sete-by-yohanne-lamoulere\/\" rel=\"bookmark\">Du Rh\u00f4ne \u00e0 S\u00e8te by Yohanne Lamoul\u00e8re<\/a><\/h2>\n        <div class=\"subtitle\"><a href=\"https:\/\/www.montpellier2028.eu\/en\/mediatheque\/du-rhone-a-sete-by-yohanne-lamoulere\/\" rel=\"bookmark\">Dans le cadre de la r\u00e9sidence du collectif Tendance Floue<\/a><\/div>\n    <\/header><!-- .entry-header -->\n\n    <div class=\"entry-excerpt\">\n       <p>In keeping with her recent projects, Yohanne Lamoul\u00e8re has chosen to produce a series along the Rh\u00f4ne-S\u00e8te canal. The canal [&hellip;]<\/p>\n    <\/div><!-- .entry-content -->\n\n<\/article><!-- #post-2031 -->\n            <\/li>\n                    <li>\n                \n<article id=\"post-2032\" class=\"audiovideo-excerpt audiovideo-type-audio post-2032 audiovideo type-audiovideo status-publish has-post-thumbnail hentry avcategory-tendance-floue\">\n\n            \n\t\t\t<a class=\"post-thumbnail\" href=\"https:\/\/www.montpellier2028.eu\/en\/mediatheque\/la-terre-en-partage-by-flore-ael-surun\/\" aria-hidden=\"true\" tabindex=\"-1\">\n\t\t\t\t<img loading=\"lazy\" decoding=\"async\" width=\"390\" height=\"260\" src=\"https:\/\/www.montpellier2028.eu\/wp-content\/uploads\/2022\/09\/FLO2022002N31_6545_low-390x260.jpg\" class=\"attachment-av_thumbnail size-av_thumbnail wp-post-image\" alt=\"La terre en partage by Flore-A\u00ebl Surun\" srcset=\"https:\/\/www.montpellier2028.eu\/wp-content\/uploads\/2022\/09\/FLO2022002N31_6545_low-390x260.jpg 390w, https:\/\/www.montpellier2028.eu\/wp-content\/uploads\/2022\/09\/FLO2022002N31_6545_low-300x200.jpg 300w, https:\/\/www.montpellier2028.eu\/wp-content\/uploads\/2022\/09\/FLO2022002N31_6545_low-1024x683.jpg 1024w, https:\/\/www.montpellier2028.eu\/wp-content\/uploads\/2022\/09\/FLO2022002N31_6545_low-768x512.jpg 768w, https:\/\/www.montpellier2028.eu\/wp-content\/uploads\/2022\/09\/FLO2022002N31_6545_low-1536x1024.jpg 1536w, https:\/\/www.montpellier2028.eu\/wp-content\/uploads\/2022\/09\/FLO2022002N31_6545_low-2048x1365.jpg 2048w, https:\/\/www.montpellier2028.eu\/wp-content\/uploads\/2022\/09\/FLO2022002N31_6545_low-1360x907.jpg 1360w\" sizes=\"auto, (max-width: 390px) 100vw, 390px\" \/>\t\t\t<\/a>\n\n\t\t\t    \n    <header class=\"entry-header\">\n        <div class=\"resource-type\"><a href=\"https:\/\/www.montpellier2028.eu\/en\/mediatheque\/la-terre-en-partage-by-flore-ael-surun\/\" rel=\"bookmark\">Audio<\/a><\/div>\n        <h2 class=\"entry-title\"><a href=\"https:\/\/www.montpellier2028.eu\/en\/mediatheque\/la-terre-en-partage-by-flore-ael-surun\/\" rel=\"bookmark\">La terre en partage by Flore-A\u00ebl Surun<\/a><\/h2>\n        <div class=\"subtitle\"><a href=\"https:\/\/www.montpellier2028.eu\/en\/mediatheque\/la-terre-en-partage-by-flore-ael-surun\/\" rel=\"bookmark\">Dans le cadre de la r\u00e9sidence du collectif Tendance Floue<\/a><\/div>\n    <\/header><!-- .entry-header -->\n\n    <div class=\"entry-excerpt\">\n       <p>Flore-A\u00ebl Surun focuses her photographic work on alternative lifestyles. In this series, she concentrates on &#8220;WWOOFing&#8221;, an international movement sharing [&hellip;]<\/p>\n    <\/div><!-- .entry-content -->\n\n<\/article><!-- #post-2032 -->\n            <\/li>\n                    <li>\n                \n<article id=\"post-2030\" class=\"audiovideo-excerpt audiovideo-type-audio post-2030 audiovideo type-audiovideo status-publish has-post-thumbnail hentry avcategory-tendance-floue\">\n\n            \n\t\t\t<a class=\"post-thumbnail\" href=\"https:\/\/www.montpellier2028.eu\/en\/mediatheque\/premiere-ligne-by-denis-bourges\/\" aria-hidden=\"true\" tabindex=\"-1\">\n\t\t\t\t<img loading=\"lazy\" decoding=\"async\" width=\"390\" height=\"260\" src=\"https:\/\/www.montpellier2028.eu\/wp-content\/uploads\/2022\/09\/BODDSCF5940-390x260.jpg\" class=\"attachment-av_thumbnail size-av_thumbnail wp-post-image\" alt=\"Premi\u00e8re Ligne by Denis Bourges\" srcset=\"https:\/\/www.montpellier2028.eu\/wp-content\/uploads\/2022\/09\/BODDSCF5940-390x260.jpg 390w, https:\/\/www.montpellier2028.eu\/wp-content\/uploads\/2022\/09\/BODDSCF5940-300x200.jpg 300w, https:\/\/www.montpellier2028.eu\/wp-content\/uploads\/2022\/09\/BODDSCF5940-1024x683.jpg 1024w, https:\/\/www.montpellier2028.eu\/wp-content\/uploads\/2022\/09\/BODDSCF5940-768x512.jpg 768w, https:\/\/www.montpellier2028.eu\/wp-content\/uploads\/2022\/09\/BODDSCF5940-1536x1024.jpg 1536w, https:\/\/www.montpellier2028.eu\/wp-content\/uploads\/2022\/09\/BODDSCF5940-2048x1365.jpg 2048w, https:\/\/www.montpellier2028.eu\/wp-content\/uploads\/2022\/09\/BODDSCF5940-1360x907.jpg 1360w\" sizes=\"auto, (max-width: 390px) 100vw, 390px\" \/>\t\t\t<\/a>\n\n\t\t\t    \n    <header class=\"entry-header\">\n        <div class=\"resource-type\"><a href=\"https:\/\/www.montpellier2028.eu\/en\/mediatheque\/premiere-ligne-by-denis-bourges\/\" rel=\"bookmark\">Audio<\/a><\/div>\n        <h2 class=\"entry-title\"><a href=\"https:\/\/www.montpellier2028.eu\/en\/mediatheque\/premiere-ligne-by-denis-bourges\/\" rel=\"bookmark\">Premi\u00e8re Ligne by Denis Bourges<\/a><\/h2>\n        <div class=\"subtitle\"><a href=\"https:\/\/www.montpellier2028.eu\/en\/mediatheque\/premiere-ligne-by-denis-bourges\/\" rel=\"bookmark\"><\/a><\/div>\n    <\/header><!-- .entry-header -->\n\n    <div class=\"entry-excerpt\">\n       <p>For this series, Denis Bourges headed for the Mosson district of Montpellier. Once there, he turned his attention to Line [&hellip;]<\/p>\n    <\/div><!-- .entry-content -->\n\n<\/article><!-- #post-2030 -->\n            <\/li>\n                <\/ul>\n            <\/div>","protected":false},"excerpt":{"rendered":"<p>The Tendance Floue photography collective has mapped out the Montpellier 2028 region in its own unique way. Explore their stories.<\/p>\n","protected":false},"author":1,"featured_media":0,"parent":0,"menu_order":0,"comment_status":"closed","ping_status":"closed","template":"","meta":{"_acf_changed":false,"footnotes":""},"class_list":["post-1931","page","type-page","status-publish","hentry"],"acf":[],"yoast_head":"<!-- This site is optimized with the Yoast SEO plugin v24.8 - https:\/\/yoast.com\/wordpress\/plugins\/seo\/ -->\n<title>The Tendance Floue residency - Montpellier 2028<\/title>\n<meta name=\"robots\" content=\"index, follow, max-snippet:-1, max-image-preview:large, max-video-preview:-1\" \/>\n<link rel=\"canonical\" href=\"https:\/\/www.montpellier2028.eu\/en\/the-tendance-floue-residency\/\" \/>\n<meta property=\"og:locale\" content=\"en_US\" \/>\n<meta property=\"og:type\" content=\"article\" \/>\n<meta property=\"og:title\" content=\"The Tendance Floue residency - Montpellier 2028\" \/>\n<meta property=\"og:description\" content=\"The Tendance Floue photography collective has mapped out the Montpellier 2028 region in its own unique way. Explore their stories.\" \/>\n<meta property=\"og:url\" content=\"https:\/\/www.montpellier2028.eu\/en\/the-tendance-floue-residency\/\" \/>\n<meta property=\"og:site_name\" content=\"Montpellier 2028\" \/>\n<meta property=\"article:publisher\" content=\"https:\/\/www.facebook.com\/montpellier2028\" \/>\n<meta property=\"article:modified_time\" content=\"2023-03-22T13:19:18+00:00\" \/>\n<meta name=\"twitter:card\" content=\"summary_large_image\" \/>\n<meta name=\"twitter:site\" content=\"@mtp2028\" \/>\n<script type=\"application\/ld+json\" class=\"yoast-schema-graph\">{\"@context\":\"https:\/\/schema.org\",\"@graph\":[{\"@type\":\"WebPage\",\"@id\":\"https:\/\/www.montpellier2028.eu\/en\/the-tendance-floue-residency\/\",\"url\":\"https:\/\/www.montpellier2028.eu\/en\/the-tendance-floue-residency\/\",\"name\":\"The Tendance Floue residency - Montpellier 2028\",\"isPartOf\":{\"@id\":\"https:\/\/www.montpellier2028.eu\/en\/#website\"},\"datePublished\":\"2022-09-23T15:28:13+00:00\",\"dateModified\":\"2023-03-22T13:19:18+00:00\",\"breadcrumb\":{\"@id\":\"https:\/\/www.montpellier2028.eu\/en\/the-tendance-floue-residency\/#breadcrumb\"},\"inLanguage\":\"en-US\",\"potentialAction\":[{\"@type\":\"ReadAction\",\"target\":[\"https:\/\/www.montpellier2028.eu\/en\/the-tendance-floue-residency\/\"]}]},{\"@type\":\"BreadcrumbList\",\"@id\":\"https:\/\/www.montpellier2028.eu\/en\/the-tendance-floue-residency\/#breadcrumb\",\"itemListElement\":[{\"@type\":\"ListItem\",\"position\":1,\"name\":\"Home\",\"item\":\"https:\/\/www.montpellier2028.eu\/en\/\"},{\"@type\":\"ListItem\",\"position\":2,\"name\":\"The Tendance Floue residency\"}]},{\"@type\":\"WebSite\",\"@id\":\"https:\/\/www.montpellier2028.eu\/en\/#website\",\"url\":\"https:\/\/www.montpellier2028.eu\/en\/\",\"name\":\"Montpellier 2028\",\"description\":\"Construisons ensemble!\",\"publisher\":{\"@id\":\"https:\/\/www.montpellier2028.eu\/en\/#organization\"},\"potentialAction\":[{\"@type\":\"SearchAction\",\"target\":{\"@type\":\"EntryPoint\",\"urlTemplate\":\"https:\/\/www.montpellier2028.eu\/en\/?s={search_term_string}\"},\"query-input\":{\"@type\":\"PropertyValueSpecification\",\"valueRequired\":true,\"valueName\":\"search_term_string\"}}],\"inLanguage\":\"en-US\"},{\"@type\":\"Organization\",\"@id\":\"https:\/\/www.montpellier2028.eu\/en\/#organization\",\"name\":\"Montpellier 2028\",\"url\":\"https:\/\/www.montpellier2028.eu\/en\/\",\"logo\":{\"@type\":\"ImageObject\",\"inLanguage\":\"en-US\",\"@id\":\"https:\/\/www.montpellier2028.eu\/en\/#\/schema\/logo\/image\/\",\"url\":\"https:\/\/www.montpellier2028.eu\/wp-content\/uploads\/2022\/09\/cropped-small-logo-lg.png\",\"contentUrl\":\"https:\/\/www.montpellier2028.eu\/wp-content\/uploads\/2022\/09\/cropped-small-logo-lg.png\",\"width\":512,\"height\":512,\"caption\":\"Montpellier 2028\"},\"image\":{\"@id\":\"https:\/\/www.montpellier2028.eu\/en\/#\/schema\/logo\/image\/\"},\"sameAs\":[\"https:\/\/www.facebook.com\/montpellier2028\",\"https:\/\/x.com\/mtp2028\",\"https:\/\/www.instagram.com\/montpellier2028\/\",\"https:\/\/www.linkedin.com\/showcase\/montpellier2028\/about\/\"]}]}<\/script>\n<!-- \/ Yoast SEO plugin. -->","yoast_head_json":{"title":"The Tendance Floue residency - Montpellier 2028","robots":{"index":"index","follow":"follow","max-snippet":"max-snippet:-1","max-image-preview":"max-image-preview:large","max-video-preview":"max-video-preview:-1"},"canonical":"https:\/\/www.montpellier2028.eu\/en\/the-tendance-floue-residency\/","og_locale":"en_US","og_type":"article","og_title":"The Tendance Floue residency - Montpellier 2028","og_description":"The Tendance Floue photography collective has mapped out the Montpellier 2028 region in its own unique way. Explore their stories.","og_url":"https:\/\/www.montpellier2028.eu\/en\/the-tendance-floue-residency\/","og_site_name":"Montpellier 2028","article_publisher":"https:\/\/www.facebook.com\/montpellier2028","article_modified_time":"2023-03-22T13:19:18+00:00","twitter_card":"summary_large_image","twitter_site":"@mtp2028","schema":{"@context":"https:\/\/schema.org","@graph":[{"@type":"WebPage","@id":"https:\/\/www.montpellier2028.eu\/en\/the-tendance-floue-residency\/","url":"https:\/\/www.montpellier2028.eu\/en\/the-tendance-floue-residency\/","name":"The Tendance Floue residency - Montpellier 2028","isPartOf":{"@id":"https:\/\/www.montpellier2028.eu\/en\/#website"},"datePublished":"2022-09-23T15:28:13+00:00","dateModified":"2023-03-22T13:19:18+00:00","breadcrumb":{"@id":"https:\/\/www.montpellier2028.eu\/en\/the-tendance-floue-residency\/#breadcrumb"},"inLanguage":"en-US","potentialAction":[{"@type":"ReadAction","target":["https:\/\/www.montpellier2028.eu\/en\/the-tendance-floue-residency\/"]}]},{"@type":"BreadcrumbList","@id":"https:\/\/www.montpellier2028.eu\/en\/the-tendance-floue-residency\/#breadcrumb","itemListElement":[{"@type":"ListItem","position":1,"name":"Home","item":"https:\/\/www.montpellier2028.eu\/en\/"},{"@type":"ListItem","position":2,"name":"The Tendance Floue residency"}]},{"@type":"WebSite","@id":"https:\/\/www.montpellier2028.eu\/en\/#website","url":"https:\/\/www.montpellier2028.eu\/en\/","name":"Montpellier 2028","description":"Construisons ensemble!","publisher":{"@id":"https:\/\/www.montpellier2028.eu\/en\/#organization"},"potentialAction":[{"@type":"SearchAction","target":{"@type":"EntryPoint","urlTemplate":"https:\/\/www.montpellier2028.eu\/en\/?s={search_term_string}"},"query-input":{"@type":"PropertyValueSpecification","valueRequired":true,"valueName":"search_term_string"}}],"inLanguage":"en-US"},{"@type":"Organization","@id":"https:\/\/www.montpellier2028.eu\/en\/#organization","name":"Montpellier 2028","url":"https:\/\/www.montpellier2028.eu\/en\/","logo":{"@type":"ImageObject","inLanguage":"en-US","@id":"https:\/\/www.montpellier2028.eu\/en\/#\/schema\/logo\/image\/","url":"https:\/\/www.montpellier2028.eu\/wp-content\/uploads\/2022\/09\/cropped-small-logo-lg.png","contentUrl":"https:\/\/www.montpellier2028.eu\/wp-content\/uploads\/2022\/09\/cropped-small-logo-lg.png","width":512,"height":512,"caption":"Montpellier 2028"},"image":{"@id":"https:\/\/www.montpellier2028.eu\/en\/#\/schema\/logo\/image\/"},"sameAs":["https:\/\/www.facebook.com\/montpellier2028","https:\/\/x.com\/mtp2028","https:\/\/www.instagram.com\/montpellier2028\/","https:\/\/www.linkedin.com\/showcase\/montpellier2028\/about\/"]}]}},"_links":{"self":[{"href":"https:\/\/www.montpellier2028.eu\/en\/wp-json\/wp\/v2\/pages\/1931","targetHints":{"allow":["GET"]}}],"collection":[{"href":"https:\/\/www.montpellier2028.eu\/en\/wp-json\/wp\/v2\/pages"}],"about":[{"href":"https:\/\/www.montpellier2028.eu\/en\/wp-json\/wp\/v2\/types\/page"}],"author":[{"embeddable":true,"href":"https:\/\/www.montpellier2028.eu\/en\/wp-json\/wp\/v2\/users\/1"}],"replies":[{"embeddable":true,"href":"https:\/\/www.montpellier2028.eu\/en\/wp-json\/wp\/v2\/comments?post=1931"}],"version-history":[{"count":4,"href":"https:\/\/www.montpellier2028.eu\/en\/wp-json\/wp\/v2\/pages\/1931\/revisions"}],"predecessor-version":[{"id":6484,"href":"https:\/\/www.montpellier2028.eu\/en\/wp-json\/wp\/v2\/pages\/1931\/revisions\/6484"}],"wp:attachment":[{"href":"https:\/\/www.montpellier2028.eu\/en\/wp-json\/wp\/v2\/media?parent=1931"}],"curies":[{"name":"wp","href":"https:\/\/api.w.org\/{rel}","templated":true}]}}