{"id":1939,"date":"2022-09-12T17:21:41","date_gmt":"2022-09-12T15:21:41","guid":{"rendered":"https:\/\/www.montpellier2028.eu\/newsletter\/"},"modified":"2023-03-22T14:26:19","modified_gmt":"2023-03-22T13:26:19","slug":"newsletter","status":"publish","type":"page","link":"https:\/\/www.montpellier2028.eu\/en\/newsletter\/","title":{"rendered":"Newsletter"},"content":{"rendered":"<form id=\"sb_form\"\n  onsubmit=\"process2(\n    'https:\/\/api.sarbacane.com\/v1\/forms\/contacts\/upsert?listID&#x3D;4353f0b0-4496-464a-84c5-c8855a1307f3&amp;formID&#x3D;4JceazxyRlSEKqppwNEh-w&amp;timezone&#x3D;Europe\/Paris', 'https:\/\/forms.sbc28.com\/', '627cfe20a6269a6f5a597a89', 'false', 'message',\n    '',\n    'https:\/\/api.sarbacane.com\/v1\/transactional\/sendmessage\/optin', 'Merci', 'Vos informations ont \u00e9t\u00e9 ajout\u00e9es avec succ\u00e8s.',\n    'Vous allez recevoir un email', 'Vous devrez cliquer sur le lien de confirmation pour valider votre inscription', 'Erreur',\n    'Une erreur inattendue s%27est produite.', 'Le formulaire est en cours d%27\u00e9dition, veuillez patienter quelques minutes avant d%27essayer \u00e0 nouveau.', '',\n    '', '', '', ''\n  );\n  return false;\"\n  method=\"post\">\n  \n  <div class=\"form-row\">\n  <!--<span >-->\n    <label style=\"display: flex;flex-direction: row;\" class=\"label\" id=\"label-email\" for=\"input-email\">Email<span id=\"form-mandatory\">*<\/span><\/label>\n    \n  <!--<\/span>-->\n  <input \n         id=\"input-email\"\n         type=\"text\"\n         name=\"email\" required=\"true\"\n         sb-form-input>\n  <\/div>\n  \n  <div class=\"form-row\">\n  <!--<span >-->\n    <label style=\"display: flex;flex-direction: row;\" class=\"label\" id=\"label-0a4a88d4-df7b-4ca4-8245-1439291610f9\" for=\"input-0a4a88d4-df7b-4ca4-8245-1439291610f9\">First name<span id=\"form-mandatory\">*<\/span><\/label>\n    \n  <!--<\/span>-->\n  <input \n         id=\"input-0a4a88d4-df7b-4ca4-8245-1439291610f9\"\n         type=\"text\"\n         name=\"0a4a88d4-df7b-4ca4-8245-1439291610f9\" required=\"true\"\n         sb-form-input>\n  <\/div>\n  \n  <div class=\"form-row\">\n    <label style=\"display: flex;flex-direction: row;\" class=\"label\" id=\"label-0c184bba-0f14-490f-aaaf-bc0bf8bad5d8\" for=\"input-0c184bba-0f14-490f-aaaf-bc0bf8bad5d8\">Last name<span id=\"form-mandatory\">*<\/span><\/label>\n    \n  <!--<\/span>-->\n  <input \n         id=\"input-0c184bba-0f14-490f-aaaf-bc0bf8bad5d8\"\n         type=\"text\"\n         name=\"0c184bba-0f14-490f-aaaf-bc0bf8bad5d8\" required=\"true\"\n         sb-form-input>\n  <\/div>\n\n  <div id=\"div-submitInput\" align=\"left\">\n    <button id=\"submitInput\" type=\"submit\" value=\"OK\" class=\"mobile-FW\" ><span style=\"margin:0px;\">OK<\/span>\n<\/button>\n    <div class=\"loader\" style=\"display:none\"><\/div>\n<\/div>\n  <label id=\"form-footer-mandatory\">* Mandatory fields<\/label>\n<\/form>\n\n\n","protected":false},"excerpt":{"rendered":"","protected":false},"author":1,"featured_media":0,"parent":0,"menu_order":0,"comment_status":"closed","ping_status":"closed","template":"","meta":{"_acf_changed":false,"footnotes":""},"class_list":["post-1939","page","type-page","status-publish","hentry"],"acf":[],"yoast_head":"<!-- This site is optimized with the Yoast SEO plugin v24.8 - https:\/\/yoast.com\/wordpress\/plugins\/seo\/ -->\n<title>Newsletter - Montpellier 2028<\/title>\n<meta name=\"robots\" content=\"index, follow, max-snippet:-1, max-image-preview:large, max-video-preview:-1\" \/>\n<link rel=\"canonical\" href=\"https:\/\/www.montpellier2028.eu\/en\/newsletter\/\" \/>\n<meta property=\"og:locale\" content=\"en_US\" \/>\n<meta property=\"og:type\" content=\"article\" \/>\n<meta property=\"og:title\" content=\"Newsletter - Montpellier 2028\" \/>\n<meta property=\"og:url\" content=\"https:\/\/www.montpellier2028.eu\/en\/newsletter\/\" \/>\n<meta property=\"og:site_name\" content=\"Montpellier 2028\" \/>\n<meta property=\"article:publisher\" content=\"https:\/\/www.facebook.com\/montpellier2028\" \/>\n<meta property=\"article:modified_time\" content=\"2023-03-22T13:26:19+00:00\" \/>\n<meta name=\"twitter:card\" content=\"summary_large_image\" \/>\n<meta name=\"twitter:site\" content=\"@mtp2028\" \/>\n<script type=\"application\/ld+json\" class=\"yoast-schema-graph\">{\"@context\":\"https:\/\/schema.org\",\"@graph\":[{\"@type\":\"WebPage\",\"@id\":\"https:\/\/www.montpellier2028.eu\/en\/newsletter\/\",\"url\":\"https:\/\/www.montpellier2028.eu\/en\/newsletter\/\",\"name\":\"Newsletter - Montpellier 2028\",\"isPartOf\":{\"@id\":\"https:\/\/www.montpellier2028.eu\/en\/#website\"},\"datePublished\":\"2022-09-12T15:21:41+00:00\",\"dateModified\":\"2023-03-22T13:26:19+00:00\",\"breadcrumb\":{\"@id\":\"https:\/\/www.montpellier2028.eu\/en\/newsletter\/#breadcrumb\"},\"inLanguage\":\"en-US\",\"potentialAction\":[{\"@type\":\"ReadAction\",\"target\":[\"https:\/\/www.montpellier2028.eu\/en\/newsletter\/\"]}]},{\"@type\":\"BreadcrumbList\",\"@id\":\"https:\/\/www.montpellier2028.eu\/en\/newsletter\/#breadcrumb\",\"itemListElement\":[{\"@type\":\"ListItem\",\"position\":1,\"name\":\"Home\",\"item\":\"https:\/\/www.montpellier2028.eu\/en\/\"},{\"@type\":\"ListItem\",\"position\":2,\"name\":\"Newsletter\"}]},{\"@type\":\"WebSite\",\"@id\":\"https:\/\/www.montpellier2028.eu\/en\/#website\",\"url\":\"https:\/\/www.montpellier2028.eu\/en\/\",\"name\":\"Montpellier 2028\",\"description\":\"Construisons ensemble!\",\"publisher\":{\"@id\":\"https:\/\/www.montpellier2028.eu\/en\/#organization\"},\"potentialAction\":[{\"@type\":\"SearchAction\",\"target\":{\"@type\":\"EntryPoint\",\"urlTemplate\":\"https:\/\/www.montpellier2028.eu\/en\/?s={search_term_string}\"},\"query-input\":{\"@type\":\"PropertyValueSpecification\",\"valueRequired\":true,\"valueName\":\"search_term_string\"}}],\"inLanguage\":\"en-US\"},{\"@type\":\"Organization\",\"@id\":\"https:\/\/www.montpellier2028.eu\/en\/#organization\",\"name\":\"Montpellier 2028\",\"url\":\"https:\/\/www.montpellier2028.eu\/en\/\",\"logo\":{\"@type\":\"ImageObject\",\"inLanguage\":\"en-US\",\"@id\":\"https:\/\/www.montpellier2028.eu\/en\/#\/schema\/logo\/image\/\",\"url\":\"https:\/\/www.montpellier2028.eu\/wp-content\/uploads\/2022\/09\/cropped-small-logo-lg.png\",\"contentUrl\":\"https:\/\/www.montpellier2028.eu\/wp-content\/uploads\/2022\/09\/cropped-small-logo-lg.png\",\"width\":512,\"height\":512,\"caption\":\"Montpellier 2028\"},\"image\":{\"@id\":\"https:\/\/www.montpellier2028.eu\/en\/#\/schema\/logo\/image\/\"},\"sameAs\":[\"https:\/\/www.facebook.com\/montpellier2028\",\"https:\/\/x.com\/mtp2028\",\"https:\/\/www.instagram.com\/montpellier2028\/\",\"https:\/\/www.linkedin.com\/showcase\/montpellier2028\/about\/\"]}]}<\/script>\n<!-- \/ Yoast SEO plugin. -->","yoast_head_json":{"title":"Newsletter - Montpellier 2028","robots":{"index":"index","follow":"follow","max-snippet":"max-snippet:-1","max-image-preview":"max-image-preview:large","max-video-preview":"max-video-preview:-1"},"canonical":"https:\/\/www.montpellier2028.eu\/en\/newsletter\/","og_locale":"en_US","og_type":"article","og_title":"Newsletter - Montpellier 2028","og_url":"https:\/\/www.montpellier2028.eu\/en\/newsletter\/","og_site_name":"Montpellier 2028","article_publisher":"https:\/\/www.facebook.com\/montpellier2028","article_modified_time":"2023-03-22T13:26:19+00:00","twitter_card":"summary_large_image","twitter_site":"@mtp2028","schema":{"@context":"https:\/\/schema.org","@graph":[{"@type":"WebPage","@id":"https:\/\/www.montpellier2028.eu\/en\/newsletter\/","url":"https:\/\/www.montpellier2028.eu\/en\/newsletter\/","name":"Newsletter - Montpellier 2028","isPartOf":{"@id":"https:\/\/www.montpellier2028.eu\/en\/#website"},"datePublished":"2022-09-12T15:21:41+00:00","dateModified":"2023-03-22T13:26:19+00:00","breadcrumb":{"@id":"https:\/\/www.montpellier2028.eu\/en\/newsletter\/#breadcrumb"},"inLanguage":"en-US","potentialAction":[{"@type":"ReadAction","target":["https:\/\/www.montpellier2028.eu\/en\/newsletter\/"]}]},{"@type":"BreadcrumbList","@id":"https:\/\/www.montpellier2028.eu\/en\/newsletter\/#breadcrumb","itemListElement":[{"@type":"ListItem","position":1,"name":"Home","item":"https:\/\/www.montpellier2028.eu\/en\/"},{"@type":"ListItem","position":2,"name":"Newsletter"}]},{"@type":"WebSite","@id":"https:\/\/www.montpellier2028.eu\/en\/#website","url":"https:\/\/www.montpellier2028.eu\/en\/","name":"Montpellier 2028","description":"Construisons ensemble!","publisher":{"@id":"https:\/\/www.montpellier2028.eu\/en\/#organization"},"potentialAction":[{"@type":"SearchAction","target":{"@type":"EntryPoint","urlTemplate":"https:\/\/www.montpellier2028.eu\/en\/?s={search_term_string}"},"query-input":{"@type":"PropertyValueSpecification","valueRequired":true,"valueName":"search_term_string"}}],"inLanguage":"en-US"},{"@type":"Organization","@id":"https:\/\/www.montpellier2028.eu\/en\/#organization","name":"Montpellier 2028","url":"https:\/\/www.montpellier2028.eu\/en\/","logo":{"@type":"ImageObject","inLanguage":"en-US","@id":"https:\/\/www.montpellier2028.eu\/en\/#\/schema\/logo\/image\/","url":"https:\/\/www.montpellier2028.eu\/wp-content\/uploads\/2022\/09\/cropped-small-logo-lg.png","contentUrl":"https:\/\/www.montpellier2028.eu\/wp-content\/uploads\/2022\/09\/cropped-small-logo-lg.png","width":512,"height":512,"caption":"Montpellier 2028"},"image":{"@id":"https:\/\/www.montpellier2028.eu\/en\/#\/schema\/logo\/image\/"},"sameAs":["https:\/\/www.facebook.com\/montpellier2028","https:\/\/x.com\/mtp2028","https:\/\/www.instagram.com\/montpellier2028\/","https:\/\/www.linkedin.com\/showcase\/montpellier2028\/about\/"]}]}},"_links":{"self":[{"href":"https:\/\/www.montpellier2028.eu\/en\/wp-json\/wp\/v2\/pages\/1939","targetHints":{"allow":["GET"]}}],"collection":[{"href":"https:\/\/www.montpellier2028.eu\/en\/wp-json\/wp\/v2\/pages"}],"about":[{"href":"https:\/\/www.montpellier2028.eu\/en\/wp-json\/wp\/v2\/types\/page"}],"author":[{"embeddable":true,"href":"https:\/\/www.montpellier2028.eu\/en\/wp-json\/wp\/v2\/users\/1"}],"replies":[{"embeddable":true,"href":"https:\/\/www.montpellier2028.eu\/en\/wp-json\/wp\/v2\/comments?post=1939"}],"version-history":[{"count":3,"href":"https:\/\/www.montpellier2028.eu\/en\/wp-json\/wp\/v2\/pages\/1939\/revisions"}],"predecessor-version":[{"id":2993,"href":"https:\/\/www.montpellier2028.eu\/en\/wp-json\/wp\/v2\/pages\/1939\/revisions\/2993"}],"wp:attachment":[{"href":"https:\/\/www.montpellier2028.eu\/en\/wp-json\/wp\/v2\/media?parent=1939"}],"curies":[{"name":"wp","href":"https:\/\/api.w.org\/{rel}","templated":true}]}}