{"id":3314,"date":"2022-09-12T17:31:33","date_gmt":"2022-09-12T15:31:33","guid":{"rendered":"https:\/\/www.montpellier2028.eu\/legal-information\/"},"modified":"2025-01-29T17:16:33","modified_gmt":"2025-01-29T16:16:33","slug":"legal-information","status":"publish","type":"page","link":"https:\/\/www.montpellier2028.eu\/en\/legal-information\/","title":{"rendered":"Legal information"},"content":{"rendered":"\n<p>\u00a0<\/p>\n\n<h3 class=\"wp-block-heading\">Publisher<\/h3>\n\n<p>M28 \u2013 Terres de culture<br\/>H\u00f4tel d&#8217;Aur\u00e8s<br\/>14 rue Eug\u00e8ne Lisbonne<br\/>34 000 Montpellier<br\/>siret 918 288 309 00019 <br\/>Tel: 04 67 13 64 51<br\/>Publication manager: Sophie L\u00e9ron<\/p>\n\n<p>Comments, remarks and suggestions to the webmaster: <a href=\"mailto:contact@montpellier2028.eu\">contact@montpellier2028.eu<\/a><br\/>The Montpellier 2028 Internet portal is updated by the Montpellier 2028 project team. <\/p>\n\n<h3 class=\"wp-block-heading\">Hosting<\/h3>\n\n<p>This site is hosted by Ov\u00e9a for Montpellier M\u00e9diterran\u00e9e M\u00e9tropole.<\/p>\n\n<h3 class=\"wp-block-heading\">Cookies<\/h3>\n\n<p>The Montpellier 2028 website uses &#8220;cookies&#8221; for the following reasons: to help measure the activity of our visitors on the site. Under no circumstances is a correlation made between these cookies and any personal information that the Metropole may hold. <\/p>\n\n<p><a href=\"javascript:openAxeptioCookies()\">Click here to change your cookie preferences<\/a><\/p>\n\n<h3 class=\"wp-block-heading\">Legal information<\/h3>\n\n<p> Information and documents collected are processed for the purpose of providing the services requested. They are protected and will be kept for the legal period and the period of their usefulness. The recipients are the departments of the association providing these services.<br\/><br\/> In accordance with EU Regulation 2016\/679 dated 27 April 2016 (GDPR) and the amended &#8220;Informatique et libert\u00e9s&#8221; law of 6 January 1978, subject to certain conditions and exceptions you have the right of access, rectification, deletion, portability, opposition, limiting processing, withdrawal of your consent at any time, and the right to refer to the CNIL.<br\/><br\/> To assert your rights, please contact us using the contact form on this site, or by e-mail at contact@montpellier2028.eu .<br\/><br\/> In application of the law of 11 March 1957 (art. 41) and the intellectual property code of 1 July 1992, any partial or total reproduction for collective use is strictly forbidden without the authorisation of Montpellier 2028.<br\/><br\/> Logos, visuals and trademarks on this site are the property of their respective owners. This website may, without its knowledge, have been linked to other sites via hypermedia links. Montpellier 2028 declines all responsibility for the information presented on these other websites. <br\/><br\/> Videos published on the Montpellier 2028 portal are subject to the responsibility of their author. Montpellier 2028 declines all responsibility in the event of counterfeit use of the latter.<br\/><br\/> The Internet user acknowledges that use of the Montpellier 2028 website is governed by French law.<br\/><\/p>\n","protected":false},"excerpt":{"rendered":"<p>\u00a0 Publisher M28 \u2013 Terres de cultureH\u00f4tel d&#8217;Aur\u00e8s14 rue Eug\u00e8ne Lisbonne34 000 Montpelliersiret 918 288 309 00019 Tel: 04 67 [&hellip;]<\/p>\n","protected":false},"author":1,"featured_media":0,"parent":0,"menu_order":0,"comment_status":"closed","ping_status":"closed","template":"","meta":{"_acf_changed":false,"footnotes":""},"class_list":["post-3314","page","type-page","status-publish","hentry"],"acf":[],"yoast_head":"<!-- This site is optimized with the Yoast SEO plugin v24.8 - https:\/\/yoast.com\/wordpress\/plugins\/seo\/ -->\n<title>Legal information - Montpellier 2028<\/title>\n<meta name=\"robots\" content=\"index, follow, max-snippet:-1, max-image-preview:large, max-video-preview:-1\" \/>\n<link rel=\"canonical\" href=\"https:\/\/www.montpellier2028.eu\/en\/legal-information\/\" \/>\n<meta property=\"og:locale\" content=\"en_US\" \/>\n<meta property=\"og:type\" content=\"article\" \/>\n<meta property=\"og:title\" content=\"Legal information - Montpellier 2028\" \/>\n<meta property=\"og:description\" content=\"\u00a0 Publisher M28 \u2013 Terres de cultureH\u00f4tel d&#8217;Aur\u00e8s14 rue Eug\u00e8ne Lisbonne34 000 Montpelliersiret 918 288 309 00019 Tel: 04 67 [&hellip;]\" \/>\n<meta property=\"og:url\" content=\"https:\/\/www.montpellier2028.eu\/en\/legal-information\/\" \/>\n<meta property=\"og:site_name\" content=\"Montpellier 2028\" \/>\n<meta property=\"article:publisher\" content=\"https:\/\/www.facebook.com\/montpellier2028\" \/>\n<meta property=\"article:modified_time\" content=\"2025-01-29T16:16:33+00:00\" \/>\n<meta name=\"twitter:card\" content=\"summary_large_image\" \/>\n<meta name=\"twitter:site\" content=\"@mtp2028\" \/>\n<meta name=\"twitter:label1\" content=\"Est. reading time\" \/>\n\t<meta name=\"twitter:data1\" content=\"2 minutes\" \/>\n<script type=\"application\/ld+json\" class=\"yoast-schema-graph\">{\"@context\":\"https:\/\/schema.org\",\"@graph\":[{\"@type\":\"WebPage\",\"@id\":\"https:\/\/www.montpellier2028.eu\/en\/legal-information\/\",\"url\":\"https:\/\/www.montpellier2028.eu\/en\/legal-information\/\",\"name\":\"Legal information - Montpellier 2028\",\"isPartOf\":{\"@id\":\"https:\/\/www.montpellier2028.eu\/en\/#website\"},\"datePublished\":\"2022-09-12T15:31:33+00:00\",\"dateModified\":\"2025-01-29T16:16:33+00:00\",\"breadcrumb\":{\"@id\":\"https:\/\/www.montpellier2028.eu\/en\/legal-information\/#breadcrumb\"},\"inLanguage\":\"en-US\",\"potentialAction\":[{\"@type\":\"ReadAction\",\"target\":[\"https:\/\/www.montpellier2028.eu\/en\/legal-information\/\"]}]},{\"@type\":\"BreadcrumbList\",\"@id\":\"https:\/\/www.montpellier2028.eu\/en\/legal-information\/#breadcrumb\",\"itemListElement\":[{\"@type\":\"ListItem\",\"position\":1,\"name\":\"Home\",\"item\":\"https:\/\/www.montpellier2028.eu\/en\/\"},{\"@type\":\"ListItem\",\"position\":2,\"name\":\"Legal information\"}]},{\"@type\":\"WebSite\",\"@id\":\"https:\/\/www.montpellier2028.eu\/en\/#website\",\"url\":\"https:\/\/www.montpellier2028.eu\/en\/\",\"name\":\"Montpellier 2028\",\"description\":\"Construisons ensemble!\",\"publisher\":{\"@id\":\"https:\/\/www.montpellier2028.eu\/en\/#organization\"},\"potentialAction\":[{\"@type\":\"SearchAction\",\"target\":{\"@type\":\"EntryPoint\",\"urlTemplate\":\"https:\/\/www.montpellier2028.eu\/en\/?s={search_term_string}\"},\"query-input\":{\"@type\":\"PropertyValueSpecification\",\"valueRequired\":true,\"valueName\":\"search_term_string\"}}],\"inLanguage\":\"en-US\"},{\"@type\":\"Organization\",\"@id\":\"https:\/\/www.montpellier2028.eu\/en\/#organization\",\"name\":\"Montpellier 2028\",\"url\":\"https:\/\/www.montpellier2028.eu\/en\/\",\"logo\":{\"@type\":\"ImageObject\",\"inLanguage\":\"en-US\",\"@id\":\"https:\/\/www.montpellier2028.eu\/en\/#\/schema\/logo\/image\/\",\"url\":\"https:\/\/www.montpellier2028.eu\/wp-content\/uploads\/2022\/09\/cropped-small-logo-lg.png\",\"contentUrl\":\"https:\/\/www.montpellier2028.eu\/wp-content\/uploads\/2022\/09\/cropped-small-logo-lg.png\",\"width\":512,\"height\":512,\"caption\":\"Montpellier 2028\"},\"image\":{\"@id\":\"https:\/\/www.montpellier2028.eu\/en\/#\/schema\/logo\/image\/\"},\"sameAs\":[\"https:\/\/www.facebook.com\/montpellier2028\",\"https:\/\/x.com\/mtp2028\",\"https:\/\/www.instagram.com\/montpellier2028\/\",\"https:\/\/www.linkedin.com\/showcase\/montpellier2028\/about\/\"]}]}<\/script>\n<!-- \/ Yoast SEO plugin. -->","yoast_head_json":{"title":"Legal information - Montpellier 2028","robots":{"index":"index","follow":"follow","max-snippet":"max-snippet:-1","max-image-preview":"max-image-preview:large","max-video-preview":"max-video-preview:-1"},"canonical":"https:\/\/www.montpellier2028.eu\/en\/legal-information\/","og_locale":"en_US","og_type":"article","og_title":"Legal information - Montpellier 2028","og_description":"\u00a0 Publisher M28 \u2013 Terres de cultureH\u00f4tel d&#8217;Aur\u00e8s14 rue Eug\u00e8ne Lisbonne34 000 Montpelliersiret 918 288 309 00019 Tel: 04 67 [&hellip;]","og_url":"https:\/\/www.montpellier2028.eu\/en\/legal-information\/","og_site_name":"Montpellier 2028","article_publisher":"https:\/\/www.facebook.com\/montpellier2028","article_modified_time":"2025-01-29T16:16:33+00:00","twitter_card":"summary_large_image","twitter_site":"@mtp2028","twitter_misc":{"Est. reading time":"2 minutes"},"schema":{"@context":"https:\/\/schema.org","@graph":[{"@type":"WebPage","@id":"https:\/\/www.montpellier2028.eu\/en\/legal-information\/","url":"https:\/\/www.montpellier2028.eu\/en\/legal-information\/","name":"Legal information - Montpellier 2028","isPartOf":{"@id":"https:\/\/www.montpellier2028.eu\/en\/#website"},"datePublished":"2022-09-12T15:31:33+00:00","dateModified":"2025-01-29T16:16:33+00:00","breadcrumb":{"@id":"https:\/\/www.montpellier2028.eu\/en\/legal-information\/#breadcrumb"},"inLanguage":"en-US","potentialAction":[{"@type":"ReadAction","target":["https:\/\/www.montpellier2028.eu\/en\/legal-information\/"]}]},{"@type":"BreadcrumbList","@id":"https:\/\/www.montpellier2028.eu\/en\/legal-information\/#breadcrumb","itemListElement":[{"@type":"ListItem","position":1,"name":"Home","item":"https:\/\/www.montpellier2028.eu\/en\/"},{"@type":"ListItem","position":2,"name":"Legal information"}]},{"@type":"WebSite","@id":"https:\/\/www.montpellier2028.eu\/en\/#website","url":"https:\/\/www.montpellier2028.eu\/en\/","name":"Montpellier 2028","description":"Construisons ensemble!","publisher":{"@id":"https:\/\/www.montpellier2028.eu\/en\/#organization"},"potentialAction":[{"@type":"SearchAction","target":{"@type":"EntryPoint","urlTemplate":"https:\/\/www.montpellier2028.eu\/en\/?s={search_term_string}"},"query-input":{"@type":"PropertyValueSpecification","valueRequired":true,"valueName":"search_term_string"}}],"inLanguage":"en-US"},{"@type":"Organization","@id":"https:\/\/www.montpellier2028.eu\/en\/#organization","name":"Montpellier 2028","url":"https:\/\/www.montpellier2028.eu\/en\/","logo":{"@type":"ImageObject","inLanguage":"en-US","@id":"https:\/\/www.montpellier2028.eu\/en\/#\/schema\/logo\/image\/","url":"https:\/\/www.montpellier2028.eu\/wp-content\/uploads\/2022\/09\/cropped-small-logo-lg.png","contentUrl":"https:\/\/www.montpellier2028.eu\/wp-content\/uploads\/2022\/09\/cropped-small-logo-lg.png","width":512,"height":512,"caption":"Montpellier 2028"},"image":{"@id":"https:\/\/www.montpellier2028.eu\/en\/#\/schema\/logo\/image\/"},"sameAs":["https:\/\/www.facebook.com\/montpellier2028","https:\/\/x.com\/mtp2028","https:\/\/www.instagram.com\/montpellier2028\/","https:\/\/www.linkedin.com\/showcase\/montpellier2028\/about\/"]}]}},"_links":{"self":[{"href":"https:\/\/www.montpellier2028.eu\/en\/wp-json\/wp\/v2\/pages\/3314","targetHints":{"allow":["GET"]}}],"collection":[{"href":"https:\/\/www.montpellier2028.eu\/en\/wp-json\/wp\/v2\/pages"}],"about":[{"href":"https:\/\/www.montpellier2028.eu\/en\/wp-json\/wp\/v2\/types\/page"}],"author":[{"embeddable":true,"href":"https:\/\/www.montpellier2028.eu\/en\/wp-json\/wp\/v2\/users\/1"}],"replies":[{"embeddable":true,"href":"https:\/\/www.montpellier2028.eu\/en\/wp-json\/wp\/v2\/comments?post=3314"}],"version-history":[{"count":2,"href":"https:\/\/www.montpellier2028.eu\/en\/wp-json\/wp\/v2\/pages\/3314\/revisions"}],"predecessor-version":[{"id":7537,"href":"https:\/\/www.montpellier2028.eu\/en\/wp-json\/wp\/v2\/pages\/3314\/revisions\/7537"}],"wp:attachment":[{"href":"https:\/\/www.montpellier2028.eu\/en\/wp-json\/wp\/v2\/media?parent=3314"}],"curies":[{"name":"wp","href":"https:\/\/api.w.org\/{rel}","templated":true}]}}